{"id":844,"date":"2023-10-31T09:39:08","date_gmt":"2023-10-31T09:39:08","guid":{"rendered":"https:\/\/vedtheme.com\/hairise\/?page_id=844"},"modified":"2026-04-11T18:01:05","modified_gmt":"2026-04-11T15:01:05","slug":"contact","status":"publish","type":"page","link":"https:\/\/drzafercetinkaya.com\/tr\/contact\/","title":{"rendered":"\u0130leti\u015fim"},"content":{"rendered":"<div data-elementor-type=\"wp-page\" data-elementor-id=\"844\" class=\"elementor elementor-844\" data-elementor-post-type=\"page\">\n\t\t\t\t\t\t<section class=\"elementor-section elementor-top-section elementor-element elementor-element-e386ad8 elementor-section-boxed elementor-section-height-default elementor-section-height-default default\" data-id=\"e386ad8\" data-element_type=\"section\">\n\t\t\t\t\t\t<div class=\"elementor-container elementor-column-gap-default\">\n\t\t\t\t\t<div class=\"elementor-column elementor-col-50 elementor-top-column elementor-element elementor-element-520276b\" data-id=\"520276b\" data-element_type=\"column\">\n\t\t\t<div class=\"elementor-widget-wrap elementor-element-populated\">\n\t\t\t\t\t\t<div class=\"elementor-element elementor-element-d07d488 elementor-widget__width-initial elementor-widget elementor-widget-contact-list\" data-id=\"d07d488\" data-element_type=\"widget\" data-widget_type=\"contact-list.default\">\n\t\t\t\t<div class=\"elementor-widget-container\">\n\t\t\t\t\t\r\n        <!-- Start rendering the output -->\r\n        \r\n        <div class=\"left\">\r\n                <ul class=\"list-unstyled contact-media mb-0\">\r\n                          <li><i aria-hidden=\"true\" class=\"flaticon flaticon-whatsapp\"><\/i> \r\n              <div class=\"contact-media-text\"><span>Bize Ula\u015f\u0131n<\/span>\r\n\r\n               <a href=\"https:\/\/wa.me\/+905435266258\">(+90) 543 526 62 58<\/a>\r\n           <\/div>\r\n        <\/li>\r\n                            <li><i aria-hidden=\"true\" class=\"bi bi-envelope-fill\"><\/i> \r\n              <div class=\"contact-media-text\"><span>Bize Yaz\u0131n<\/span>\r\n\r\n               <a href=\"mailto:info@drzafercetinkaya.com\">info@drzafercetinkaya.com<\/a>\r\n           <\/div>\r\n        <\/li>\r\n                            <li><i aria-hidden=\"true\" class=\"flaticon flaticon-location\"><\/i> \r\n              <div class=\"contact-media-text\"><span>Adres<\/span>\r\n\r\n               \r\n            <p class=\"mb-0\">Kazl\u0131\u00e7e\u015fme Mah. Kennedy Cd. B\u00fcy\u00fckyal\u0131 \u0130stanbul Sitesi HB Blok No:52 Zeytinburnu\/\u0130stanbul<\/p>\r\n            <\/div>\r\n        <\/li>\r\n                          <\/ul>\r\n            <\/div>\r\n\r\n\r\n        <!-- End rendering the output -->\r\n\r\n\r\n\r\n        \t\t\t\t<\/div>\n\t\t\t\t<\/div>\n\t\t\t\t<div class=\"elementor-element elementor-element-8dc5fae elementor-widget__width-initial elementor-widget-mobile__width-inherit elementor-widget-tablet__width-inherit elementor-widget elementor-widget-google_maps\" data-id=\"8dc5fae\" data-element_type=\"widget\" data-widget_type=\"google_maps.default\">\n\t\t\t\t<div class=\"elementor-widget-container\">\n\t\t\t\t\t\t\t<div class=\"elementor-custom-embed\">\n\t\t\t<iframe loading=\"lazy\"\n\t\t\t\t\tsrc=\"https:\/\/www.google.com\/maps\/embed\/v1\/place?key=AIzaSyDutA-pqnoL-7hLQOLmnXXMReEqwyL1_hw&#038;q=Good%20Look%20Clinic%20Kazl%C4%B1%C3%A7e%C5%9Fme&#038;zoom=11\"\n\t\t\t\t\ttitle=\"Good Look Clinic Kazl\u0131\u00e7e\u015fme\"\n\t\t\t\t\taria-label=\"Good Look Clinic Kazl\u0131\u00e7e\u015fme\"\n\t\t\t><\/iframe>\n\t\t<\/div>\n\t\t\t\t\t\t<\/div>\n\t\t\t\t<\/div>\n\t\t\t\t\t<\/div>\n\t\t<\/div>\n\t\t\t\t<div class=\"elementor-column elementor-col-50 elementor-top-column elementor-element elementor-element-bab3a9c contact-page\" data-id=\"bab3a9c\" data-element_type=\"column\">\n\t\t\t<div class=\"elementor-widget-wrap elementor-element-populated\">\n\t\t\t\t\t\t<div class=\"elementor-element elementor-element-c3674fa js-sticky-widget elementor-widget__width-initial elementor-widget elementor-widget-shortcode\" data-id=\"c3674fa\" data-element_type=\"widget\" data-widget_type=\"shortcode.default\">\n\t\t\t\t<div class=\"elementor-widget-container\">\n\t\t\t\t\t\t\t<div class=\"elementor-shortcode\">\n<div class=\"wpcf7 no-js\" id=\"wpcf7-f4743-o1\" lang=\"en-US\" dir=\"ltr\" data-wpcf7-id=\"4743\">\n<div class=\"screen-reader-response\"><p role=\"status\" aria-live=\"polite\" aria-atomic=\"true\"><\/p> <ul><\/ul><\/div>\n<form action=\"\/tr\/wp-json\/wp\/v2\/pages\/844#wpcf7-f4743-o1\" method=\"post\" class=\"wpcf7-form init\" aria-label=\"Contact form\" novalidate=\"novalidate\" data-status=\"init\" data-trp-original-action=\"\/tr\/wp-json\/wp\/v2\/pages\/844#wpcf7-f4743-o1\">\n<fieldset class=\"hidden-fields-container\"><input type=\"hidden\" name=\"_wpcf7\" value=\"4743\" \/><input type=\"hidden\" name=\"_wpcf7_version\" value=\"6.1.3\" \/><input type=\"hidden\" name=\"_wpcf7_locale\" value=\"en_US\" \/><input type=\"hidden\" name=\"_wpcf7_unit_tag\" value=\"wpcf7-f4743-o1\" \/><input type=\"hidden\" name=\"_wpcf7_container_post\" value=\"0\" \/><input type=\"hidden\" name=\"_wpcf7_posted_data_hash\" value=\"\" \/>\n<\/fieldset>\n<div class=\"contact-top\">\n    <div class=\"contact-left\"><\/div>\n    <div class=\"contact-right\">\n      <svg xmlns=\"http:\/\/www.w3.org\/2000\/svg\" viewbox=\"0 0 100 100\">\n        <path d=\"m100,0H0v100C0,44.77,44.77,0,100,0Z\" fill=\"#F9F8F6\"> \n        <\/path>\n        <\/svg>\n      <div class=\"from-icon\"><i aria-hidden=\"true\" class=\"flaticon flaticon-edit\"><\/i><\/div><\/div>\n  <\/div>\n <div class=\"contact-form\">\n  <div class=\"row\"> \n  <h2>\u0130leti\u015fim Formu<\/h2>\n    <div class=\"col-md-6 mb-4\"> <span class=\"wpcf7-form-control-wrap\" data-name=\"your-name\"><input size=\"40\" maxlength=\"400\" class=\"wpcf7-form-control wpcf7-text wpcf7-validates-as-required\" aria-required=\"true\" aria-invalid=\"false\" placeholder=\"Ad\u0131n\u0131z\" value=\"\" type=\"text\" name=\"your-name\" \/><\/span><\/div>\n    <div class=\"col-md-6 mb-4\"> <span class=\"wpcf7-form-control-wrap\" data-name=\"your-email\"><input size=\"40\" maxlength=\"400\" class=\"wpcf7-form-control wpcf7-email wpcf7-validates-as-required wpcf7-text wpcf7-validates-as-email\" aria-required=\"true\" aria-invalid=\"false\" placeholder=\"E-posta Adresiniz\" value=\"\" type=\"email\" name=\"your-email\" \/><\/span><\/div>\n    <div class=\"col-md-6 mb-4\"> <span class=\"wpcf7-form-control-wrap\" data-name=\"tel-893\"><input size=\"40\" maxlength=\"400\" class=\"wpcf7-form-control wpcf7-tel wpcf7-text wpcf7-validates-as-tel\" aria-invalid=\"false\" placeholder=\"Telefon Numaras\u0131\" value=\"\" type=\"tel\" name=\"tel-893\" \/><\/span><\/div>\n     <div class=\"col-md-6 mb-4\"> <span class=\"wpcf7-form-control-wrap\" data-name=\"your-select\"><select class=\"wpcf7-form-control wpcf7-select wpcf7-validates-as-required\" aria-required=\"true\" aria-invalid=\"false\" name=\"your-select\"><option value=\"Select Service\">Tedavi Se\u00e7iniz<\/option><option value=\"Hair Transplantation\">Sa\u00e7 Ekimi<\/option><option value=\"Beard Transplantation\">Sakal Ekimi<\/option><option value=\"Eyebrow Transplantation\">Ka\u015f Ekimi<\/option><option value=\"Stem-Cell Therapy\">K\u00f6k H\u00fccre Tedavisi<\/option><option value=\"Platelet-Rich Plasma (PRP)\">PRP Sa\u00e7 Tedavisi<\/option><option value=\"Mesotherapy\">Mezoterapi<\/option><option value=\"Botox-Filler\">Botoks-Dolgu<\/option><\/select><\/span><\/div>\n    <div class=\"col-md-12 mb-4\"> <span class=\"wpcf7-form-control-wrap\" data-name=\"your-message\"><textarea cols=\"40\" rows=\"10\" maxlength=\"2000\" class=\"wpcf7-form-control wpcf7-textarea\" aria-invalid=\"false\" placeholder=\"Mesaj\" name=\"your-message\"><\/textarea><\/span><\/div>\n    <div class=\"col-md-12\"><input class=\"wpcf7-form-control wpcf7-submit has-spinner\" type=\"submit\" value=\"G\u00f6nder\" \/>\n    <\/div>\n  <\/div>\n<\/div><div class=\"wpcf7-response-output\" aria-hidden=\"true\"><\/div>\n<input type=\"hidden\" name=\"trp-form-language\" value=\"tr\"\/><\/form>\n<\/div>\n<\/div>\n\t\t\t\t\t\t<\/div>\n\t\t\t\t<\/div>\n\t\t\t\t\t<\/div>\n\t\t<\/div>\n\t\t\t\t\t<\/div>\n\t\t<\/section>\n\t\t\t\t<\/div>","protected":false},"excerpt":{"rendered":"<p>Get in Touch (+90) 543 526 62 58 Send an Email info@drzafercetinkaya.com Address Kazl\u0131\u00e7e\u015fme Mah. Kennedy Cd. B\u00fcy\u00fckyal\u0131 \u0130stanbul Sitesi HB Blok No:52 Zeytinburnu\/\u0130stanbul<\/p>","protected":false},"author":2,"featured_media":0,"parent":0,"menu_order":0,"comment_status":"closed","ping_status":"closed","template":"","meta":{"_acf_changed":false,"footnotes":""},"class_list":["post-844","page","type-page","status-publish","hentry"],"acf":[],"yoast_head":"<!-- This site is optimized with the Yoast SEO plugin v26.4 - https:\/\/yoast.com\/wordpress\/plugins\/seo\/ -->\n<title>Contact - drzafercetinkaya.com<\/title>\n<meta name=\"robots\" content=\"index, follow, max-snippet:-1, max-image-preview:large, max-video-preview:-1\" \/>\n<link rel=\"canonical\" href=\"https:\/\/drzafercetinkaya.com\/tr\/contact\/\" \/>\n<meta property=\"og:locale\" content=\"tr_TR\" \/>\n<meta property=\"og:type\" content=\"article\" \/>\n<meta property=\"og:title\" content=\"Contact - drzafercetinkaya.com\" \/>\n<meta property=\"og:description\" content=\"Get in Touch (+90) 543 526 62 58 Send an Email info@drzafercetinkaya.com Address Kazl\u0131\u00e7e\u015fme Mah. Kennedy Cd. B\u00fcy\u00fckyal\u0131 \u0130stanbul Sitesi HB Blok No:52 Zeytinburnu\/\u0130stanbul\" \/>\n<meta property=\"og:url\" content=\"https:\/\/drzafercetinkaya.com\/tr\/contact\/\" \/>\n<meta property=\"og:site_name\" content=\"drzafercetinkaya.com\" \/>\n<meta property=\"article:modified_time\" content=\"2026-04-11T15:01:05+00:00\" \/>\n<meta name=\"twitter:card\" content=\"summary_large_image\" \/>\n<meta name=\"twitter:label1\" content=\"Est. reading time\" \/>\n\t<meta name=\"twitter:data1\" content=\"1 dakika\" \/>\n<script type=\"application\/ld+json\" class=\"yoast-schema-graph\">{\"@context\":\"https:\/\/schema.org\",\"@graph\":[{\"@type\":\"WebPage\",\"@id\":\"https:\/\/drzafercetinkaya.com\/contact\/\",\"url\":\"https:\/\/drzafercetinkaya.com\/contact\/\",\"name\":\"Contact - drzafercetinkaya.com\",\"isPartOf\":{\"@id\":\"https:\/\/drzafercetinkaya.com\/#website\"},\"datePublished\":\"2023-10-31T09:39:08+00:00\",\"dateModified\":\"2026-04-11T15:01:05+00:00\",\"breadcrumb\":{\"@id\":\"https:\/\/drzafercetinkaya.com\/contact\/#breadcrumb\"},\"inLanguage\":\"tr\",\"potentialAction\":[{\"@type\":\"ReadAction\",\"target\":[\"https:\/\/drzafercetinkaya.com\/contact\/\"]}]},{\"@type\":\"BreadcrumbList\",\"@id\":\"https:\/\/drzafercetinkaya.com\/contact\/#breadcrumb\",\"itemListElement\":[{\"@type\":\"ListItem\",\"position\":1,\"name\":\"Home\",\"item\":\"https:\/\/drzafercetinkaya.com\/\"},{\"@type\":\"ListItem\",\"position\":2,\"name\":\"Contact\"}]},{\"@type\":\"WebSite\",\"@id\":\"https:\/\/drzafercetinkaya.com\/#website\",\"url\":\"https:\/\/drzafercetinkaya.com\/\",\"name\":\"drzafercetinkaya.com\",\"description\":\"Hair Transplant Turkiye - Istanbul | Dr. Zafer \u00c7etinkaya\",\"potentialAction\":[{\"@type\":\"SearchAction\",\"target\":{\"@type\":\"EntryPoint\",\"urlTemplate\":\"https:\/\/drzafercetinkaya.com\/?s={search_term_string}\"},\"query-input\":{\"@type\":\"PropertyValueSpecification\",\"valueRequired\":true,\"valueName\":\"search_term_string\"}}],\"inLanguage\":\"tr\"}]}<\/script>\n<!-- \/ Yoast SEO plugin. -->","yoast_head_json":{"title":"Contact - drzafercetinkaya.com","robots":{"index":"index","follow":"follow","max-snippet":"max-snippet:-1","max-image-preview":"max-image-preview:large","max-video-preview":"max-video-preview:-1"},"canonical":"https:\/\/drzafercetinkaya.com\/tr\/contact\/","og_locale":"tr_TR","og_type":"article","og_title":"Contact - drzafercetinkaya.com","og_description":"Get in Touch (+90) 543 526 62 58 Send an Email info@drzafercetinkaya.com Address Kazl\u0131\u00e7e\u015fme Mah. Kennedy Cd. B\u00fcy\u00fckyal\u0131 \u0130stanbul Sitesi HB Blok No:52 Zeytinburnu\/\u0130stanbul","og_url":"https:\/\/drzafercetinkaya.com\/tr\/contact\/","og_site_name":"drzafercetinkaya.com","article_modified_time":"2026-04-11T15:01:05+00:00","twitter_card":"summary_large_image","twitter_misc":{"Est. reading time":"1 dakika"},"schema":{"@context":"https:\/\/schema.org","@graph":[{"@type":"WebPage","@id":"https:\/\/drzafercetinkaya.com\/contact\/","url":"https:\/\/drzafercetinkaya.com\/contact\/","name":"Contact - drzafercetinkaya.com","isPartOf":{"@id":"https:\/\/drzafercetinkaya.com\/#website"},"datePublished":"2023-10-31T09:39:08+00:00","dateModified":"2026-04-11T15:01:05+00:00","breadcrumb":{"@id":"https:\/\/drzafercetinkaya.com\/contact\/#breadcrumb"},"inLanguage":"tr","potentialAction":[{"@type":"ReadAction","target":["https:\/\/drzafercetinkaya.com\/contact\/"]}]},{"@type":"BreadcrumbList","@id":"https:\/\/drzafercetinkaya.com\/contact\/#breadcrumb","itemListElement":[{"@type":"ListItem","position":1,"name":"Home","item":"https:\/\/drzafercetinkaya.com\/"},{"@type":"ListItem","position":2,"name":"Contact"}]},{"@type":"WebSite","@id":"https:\/\/drzafercetinkaya.com\/#website","url":"https:\/\/drzafercetinkaya.com\/","name":"drzafercetinkaya.com","description":"Hair Transplant Turkiye - Istanbul | Dr. Zafer \u00c7etinkaya","potentialAction":[{"@type":"SearchAction","target":{"@type":"EntryPoint","urlTemplate":"https:\/\/drzafercetinkaya.com\/?s={search_term_string}"},"query-input":{"@type":"PropertyValueSpecification","valueRequired":true,"valueName":"search_term_string"}}],"inLanguage":"tr"}]}},"_links":{"self":[{"href":"https:\/\/drzafercetinkaya.com\/tr\/wp-json\/wp\/v2\/pages\/844","targetHints":{"allow":["GET"]}}],"collection":[{"href":"https:\/\/drzafercetinkaya.com\/tr\/wp-json\/wp\/v2\/pages"}],"about":[{"href":"https:\/\/drzafercetinkaya.com\/tr\/wp-json\/wp\/v2\/types\/page"}],"author":[{"embeddable":true,"href":"https:\/\/drzafercetinkaya.com\/tr\/wp-json\/wp\/v2\/users\/2"}],"replies":[{"embeddable":true,"href":"https:\/\/drzafercetinkaya.com\/tr\/wp-json\/wp\/v2\/comments?post=844"}],"version-history":[{"count":81,"href":"https:\/\/drzafercetinkaya.com\/tr\/wp-json\/wp\/v2\/pages\/844\/revisions"}],"predecessor-version":[{"id":11877,"href":"https:\/\/drzafercetinkaya.com\/tr\/wp-json\/wp\/v2\/pages\/844\/revisions\/11877"}],"wp:attachment":[{"href":"https:\/\/drzafercetinkaya.com\/tr\/wp-json\/wp\/v2\/media?parent=844"}],"curies":[{"name":"wp","href":"https:\/\/api.w.org\/{rel}","templated":true}]}}